{"id":6,"date":"2026-02-27T16:54:14","date_gmt":"2026-02-27T15:54:14","guid":{"rendered":"https:\/\/staging.restaurant-reineke.ch\/?page_id=6"},"modified":"2026-03-13T14:20:22","modified_gmt":"2026-03-13T13:20:22","slug":"willkommen-im-restaurant-reineke","status":"publish","type":"page","link":"https:\/\/restaurant-reineke.ch\/","title":{"rendered":"Willkommen im Restaurant Reineke"},"content":{"rendered":"\n<p><br>Unsere Website ist noch nicht ganz fertig \u2013 wir arbeiten daran! Schon bald stehen Ihnen alle Inhalte vollst\u00e4ndig zur Verf\u00fcgung.<\/p>\n\n\n\n<h2 class=\"wp-block-heading\">Reservation<\/h2>\n\n\n\n<p>Bitte beachten Sie: das erste m\u00f6gliche Reservationsdatum ist der 13. Mai 2026!<\/p>\n\n\n\n<div class=\"wp-block-buttons is-content-justification-left is-layout-flex wp-container-core-buttons-is-layout-fdcfc74e wp-block-buttons-is-layout-flex\">\n<div class=\"wp-block-button\"><a class=\"wp-block-button__link wp-element-button\" href=\"mailto:info@restaurant-reineke.ch\">Mail<\/a><\/div>\n\n\n\n<div class=\"wp-block-button lunchgate-popup-button\"><a class=\"wp-block-button__link wp-element-button\" href=\"https:\/\/guest.foratable.com\/restaurants\/019cd74a405273c687ec9765cd8759c0\" data-lunchgate-modal-url=\"https:\/\/guest.foratable.com\/restaurants\/019cd74a405273c687ec9765cd8759c0?embed=modal\">Online Reservation<\/a><\/div>\n<\/div>\n\n\n\n<p>Kostenfreie \u00c4nderungen und Stornierungen k\u00f6nnen nur bis zu 24 h im Vorfeld get\u00e4tigt werden. Ansonsten wird pro Person ein Menu \u00e0 120 CHF verrechnet. Allergien und Unvertr\u00e4glichkeiten, welche uns mindestens 24 h im Voraus mitgeteilt werden,\u2028 ber\u00fccksichtigen wir gerne.<\/p>\n\n\n\n<div style=\"height:100px\" aria-hidden=\"true\" class=\"wp-block-spacer is-style-md\"><\/div>\n","protected":false},"excerpt":{"rendered":"<p>Unsere Website ist noch nicht ganz fertig \u2013 wir arbeiten daran! Schon bald stehen Ihnen alle Inhalte vollst\u00e4ndig zur Verf\u00fcgung. Reservation Bitte beachten Sie: das erste m\u00f6gliche Reservationsdatum ist der 13. Mai 2026! Kostenfreie \u00c4nderungen und Stornierungen k\u00f6nnen nur bis zu 24 h im Vorfeld get\u00e4tigt werden. Ansonsten wird pro Person ein Menu \u00e0 120 [&hellip;]<\/p>\n","protected":false},"author":1,"featured_media":20,"parent":0,"menu_order":0,"comment_status":"closed","ping_status":"closed","template":"","meta":{"_acf_changed":false,"footnotes":""},"class_list":["post-6","page","type-page","status-publish","has-post-thumbnail","hentry"],"acf":[],"_links":{"self":[{"href":"https:\/\/restaurant-reineke.ch\/index.php?rest_route=\/wp\/v2\/pages\/6","targetHints":{"allow":["GET"]}}],"collection":[{"href":"https:\/\/restaurant-reineke.ch\/index.php?rest_route=\/wp\/v2\/pages"}],"about":[{"href":"https:\/\/restaurant-reineke.ch\/index.php?rest_route=\/wp\/v2\/types\/page"}],"author":[{"embeddable":true,"href":"https:\/\/restaurant-reineke.ch\/index.php?rest_route=\/wp\/v2\/users\/1"}],"replies":[{"embeddable":true,"href":"https:\/\/restaurant-reineke.ch\/index.php?rest_route=%2Fwp%2Fv2%2Fcomments&post=6"}],"version-history":[{"count":17,"href":"https:\/\/restaurant-reineke.ch\/index.php?rest_route=\/wp\/v2\/pages\/6\/revisions"}],"predecessor-version":[{"id":30,"href":"https:\/\/restaurant-reineke.ch\/index.php?rest_route=\/wp\/v2\/pages\/6\/revisions\/30"}],"wp:featuredmedia":[{"embeddable":true,"href":"https:\/\/restaurant-reineke.ch\/index.php?rest_route=\/wp\/v2\/media\/20"}],"wp:attachment":[{"href":"https:\/\/restaurant-reineke.ch\/index.php?rest_route=%2Fwp%2Fv2%2Fmedia&parent=6"}],"curies":[{"name":"wp","href":"https:\/\/api.w.org\/{rel}","templated":true}]}}